{"id":308,"date":"2010-08-25T18:19:25","date_gmt":"2010-08-25T18:19:25","guid":{"rendered":"https:\/\/atletismotriatlonlucena.com\/?page_id=308"},"modified":"2011-10-13T20:58:20","modified_gmt":"2011-10-13T20:58:20","slug":"calendario-de-carreras","status":"publish","type":"page","link":"https:\/\/atletismotriatlonlucena.com\/?page_id=308","title":{"rendered":"Calendario de Carreras, Provinciales y Nacionales"},"content":{"rendered":"<p><span style=\"color: #0000ff;\"><a href=\"http:\/\/www.fedatletismoandaluz.net\/index.php?Itemid=218&amp;option=com_extcalendar\">Federaci\u00f3n Andaluza de Atletismo. Calendario de Carreras<\/a><\/span><\/p>\n<p><a href=\"http:\/\/www.carreraspopulares.com\/\"><span style=\"color: #0000ff;\">Carreras Populares (Muy Completo)<\/span><\/a><\/p>\n<p><a href=\"http:\/\/www.rfea.es\/web\/competiciones\/competiciones.asp\"><span style=\"color: #0000ff;\">Real Federaci\u00f3n Espa\u00f1ola de Atletismo<\/span><\/a><\/p>\n<p><a href=\"http:\/\/www.vamosacorrer.com\/calendario.php\"><span style=\"color: #0000ff;\">M\u00e1s Busqueda de Carreras<\/span><\/a><\/p>\n","protected":false},"excerpt":{"rendered":"<p>Federaci\u00f3n Andaluza de Atletismo. Calendario de Carreras Carreras Populares (Muy Completo) Real Federaci\u00f3n Espa\u00f1ola de Atletismo M\u00e1s Busqueda de Carreras<\/p>\n","protected":false},"author":1,"featured_media":0,"parent":216,"menu_order":0,"comment_status":"open","ping_status":"open","template":"","meta":{"footnotes":"","_links_to":"","_links_to_target":""},"class_list":["post-308","page","type-page","status-publish","hentry"],"_links":{"self":[{"href":"https:\/\/atletismotriatlonlucena.com\/index.php?rest_route=\/wp\/v2\/pages\/308","targetHints":{"allow":["GET"]}}],"collection":[{"href":"https:\/\/atletismotriatlonlucena.com\/index.php?rest_route=\/wp\/v2\/pages"}],"about":[{"href":"https:\/\/atletismotriatlonlucena.com\/index.php?rest_route=\/wp\/v2\/types\/page"}],"author":[{"embeddable":true,"href":"https:\/\/atletismotriatlonlucena.com\/index.php?rest_route=\/wp\/v2\/users\/1"}],"replies":[{"embeddable":true,"href":"https:\/\/atletismotriatlonlucena.com\/index.php?rest_route=%2Fwp%2Fv2%2Fcomments&post=308"}],"version-history":[{"count":0,"href":"https:\/\/atletismotriatlonlucena.com\/index.php?rest_route=\/wp\/v2\/pages\/308\/revisions"}],"up":[{"embeddable":true,"href":"https:\/\/atletismotriatlonlucena.com\/index.php?rest_route=\/wp\/v2\/pages\/216"}],"wp:attachment":[{"href":"https:\/\/atletismotriatlonlucena.com\/index.php?rest_route=%2Fwp%2Fv2%2Fmedia&parent=308"}],"curies":[{"name":"wp","href":"https:\/\/api.w.org\/{rel}","templated":true}]}}