{"id":64,"date":"2009-09-22T15:00:27","date_gmt":"2009-09-22T20:00:27","guid":{"rendered":"http:\/\/www.pagelines.com\/demos\/stationpro\/?page_id=4"},"modified":"2010-12-11T15:27:59","modified_gmt":"2010-12-11T15:27:59","slug":"home","status":"publish","type":"page","link":"https:\/\/atletismotriatlonlucena.com\/?page_id=64","title":{"rendered":"Nuestro Club"},"content":{"rendered":"<p style=\"text-align: justify;\"><span style=\"color: #0000ff;\">El Club y Escuela de Atletismo de Lucena, del que depende Club Atletismo y Triatl\u00f3n Lucena, fue creado en 1997. Dirigido por el monitor nacional de atletismo, D. Francisco Mu\u00f1oz, asesorado por profesionales del deporte, abarca todas las disciplinas, carreras, saltos, lanzamientos y triatl\u00f3n. Cuenta con m\u00e1s de 100 socios y con miles de simpatizantes, que valoran y admiran el deporte. Adem\u00e1s, buscando el acondicionamiento f\u00edsico, las residencias AMARA y Casa Hogar El Sauce, forman parte de \u00e9ste club, donde compiten con todos los dem\u00e1s en pruebas provinciales, regionales y nacionales, tanto federadas como no, abarcando todas las categor\u00edas existentes, escolar, juvenil, senior, veteranos y discapacitados.<br \/>\nNuestros deportistas han coseguido mas de 400 premios ademas de numerosos reconocimientos a lo largo de 1500 carreras.<br \/>\nUnete a nosotros, disfruta del Deporte!!! <\/span><\/p>\n","protected":false},"excerpt":{"rendered":"<p>El Club y Escuela de Atletismo de Lucena, del que depende Club Atletismo y Triatl\u00f3n Lucena, fue creado en 1997. Dirigido por el monitor nacional de atletismo, D. Francisco Mu\u00f1oz,&hellip;<\/p>\n","protected":false},"author":1,"featured_media":0,"parent":0,"menu_order":0,"comment_status":"closed","ping_status":"closed","template":"","meta":{"footnotes":"","_links_to":"","_links_to_target":""},"class_list":["post-64","page","type-page","status-publish","hentry"],"_links":{"self":[{"href":"https:\/\/atletismotriatlonlucena.com\/index.php?rest_route=\/wp\/v2\/pages\/64","targetHints":{"allow":["GET"]}}],"collection":[{"href":"https:\/\/atletismotriatlonlucena.com\/index.php?rest_route=\/wp\/v2\/pages"}],"about":[{"href":"https:\/\/atletismotriatlonlucena.com\/index.php?rest_route=\/wp\/v2\/types\/page"}],"author":[{"embeddable":true,"href":"https:\/\/atletismotriatlonlucena.com\/index.php?rest_route=\/wp\/v2\/users\/1"}],"replies":[{"embeddable":true,"href":"https:\/\/atletismotriatlonlucena.com\/index.php?rest_route=%2Fwp%2Fv2%2Fcomments&post=64"}],"version-history":[{"count":0,"href":"https:\/\/atletismotriatlonlucena.com\/index.php?rest_route=\/wp\/v2\/pages\/64\/revisions"}],"wp:attachment":[{"href":"https:\/\/atletismotriatlonlucena.com\/index.php?rest_route=%2Fwp%2Fv2%2Fmedia&parent=64"}],"curies":[{"name":"wp","href":"https:\/\/api.w.org\/{rel}","templated":true}]}}